{"id":489,"date":"2019-08-25T07:55:48","date_gmt":"2019-08-25T07:55:48","guid":{"rendered":"https:\/\/austria:8890\/?page_id=489"},"modified":"2020-06-04T11:21:29","modified_gmt":"2020-06-04T11:21:29","slug":"kontakt","status":"publish","type":"page","link":"https:\/\/www.oskar-stubai.at\/de\/kontakt\/","title":{"rendered":"Kontakt"},"content":{"rendered":"        <section id=\"image-links-block_5da82ed289879\" class=\"block image-links  flex-row-reverse \">\n        <div class=\"\">\n            <div class=\"container\">\n                <div class=\"row justify-content-lg-center \">\n\n                    <div class=\"col-lg-4 scrollimation fade-up\">\n                        <h2>Lasst uns <br \/>\nKontakt aufnehmen.<\/h2>                    <\/div>\n                    <div class=\"col-lg-4 scrollimation fade-up item-2\">\n                                                    <h3 class=\"text-secondary mb-3 mt-2 fake-brackets\">fragen? anregungen? w\u00fcnsche?<\/h3>\n                                                                            <p>Was d\u00fcrfen wir f\u00fcr euch tun? M\u00f6chtet ihr Urlaub bei uns machen oder mehr \u00fcber uns erfahren? Super! Kontaktiert uns ganz einfach per Telefon oder E-Mail. Wir freuen uns, von euch zu h\u00f6ren!<\/p>\n                                            <\/div>\n                <\/div>\n\n                            <\/div>\n        <\/div>\n    <\/section>\n","protected":false},"excerpt":{"rendered":"<p> [&#8230;]<\/p>\n<p><a class=\"btn btn-secondary understrap-read-more-link\" href=\"https:\/\/www.oskar-stubai.at\/de\/kontakt\/\">Weiterlesen\u00a0\u2026<\/a><\/p>\n","protected":false},"author":1,"featured_media":0,"parent":0,"menu_order":0,"comment_status":"closed","ping_status":"closed","template":"page-templates\/template-contact.php","meta":{"_acf_changed":false,"inline_featured_image":false,"footnotes":""},"class_list":["post-489","page","type-page","status-publish","hentry"],"acf":[],"yoast_head":"<!-- This site is optimized with the Yoast SEO plugin v27.4 - https:\/\/yoast.com\/product\/yoast-seo-wordpress\/ -->\n<title>Kontaktieren Sie uns &#8211; Oskar Apartments neu im Stubaital<\/title>\n<meta name=\"description\" content=\"Was d\u00fcrfen wir f\u00fcr euch tun? M\u00f6chtet ihr Urlaub bei uns machen oder mehr \u00fcber uns erfahren? Super! Kontaktiert uns ganz einfach per Telefon oder E-Mail.\" \/>\n<meta name=\"robots\" content=\"index, follow, max-snippet:-1, max-image-preview:large, max-video-preview:-1\" \/>\n<link rel=\"canonical\" href=\"https:\/\/www.oskar-stubai.at\/de\/kontakt\/\" \/>\n<meta property=\"og:locale\" content=\"de_DE\" \/>\n<meta property=\"og:type\" content=\"article\" \/>\n<meta property=\"og:title\" content=\"Kontaktieren Sie uns &#8211; Oskar Apartments neu im Stubaital\" \/>\n<meta property=\"og:description\" content=\"Was d\u00fcrfen wir f\u00fcr euch tun? M\u00f6chtet ihr Urlaub bei uns machen oder mehr \u00fcber uns erfahren? Super! Kontaktiert uns ganz einfach per Telefon oder E-Mail.\" \/>\n<meta property=\"og:url\" content=\"https:\/\/www.oskar-stubai.at\/de\/kontakt\/\" \/>\n<meta property=\"og:site_name\" content=\"Oskar Apartments\" \/>\n<meta property=\"article:publisher\" content=\"https:\/\/www.facebook.com\/oskarstubai\/\" \/>\n<meta property=\"article:modified_time\" content=\"2020-06-04T11:21:29+00:00\" \/>\n<meta name=\"twitter:card\" content=\"summary_large_image\" \/>\n<script type=\"application\/ld+json\" class=\"yoast-schema-graph\">{\"@context\":\"https:\\\/\\\/schema.org\",\"@graph\":[{\"@type\":\"WebPage\",\"@id\":\"https:\\\/\\\/www.oskar-stubai.at\\\/de\\\/kontakt\\\/\",\"url\":\"https:\\\/\\\/www.oskar-stubai.at\\\/de\\\/kontakt\\\/\",\"name\":\"Kontaktieren Sie uns &#8211; Oskar Apartments neu im Stubaital\",\"isPartOf\":{\"@id\":\"https:\\\/\\\/www.oskar-stubai.at\\\/de\\\/#website\"},\"datePublished\":\"2019-08-25T07:55:48+00:00\",\"dateModified\":\"2020-06-04T11:21:29+00:00\",\"description\":\"Was d\u00fcrfen wir f\u00fcr euch tun? M\u00f6chtet ihr Urlaub bei uns machen oder mehr \u00fcber uns erfahren? Super! Kontaktiert uns ganz einfach per Telefon oder E-Mail.\",\"breadcrumb\":{\"@id\":\"https:\\\/\\\/www.oskar-stubai.at\\\/de\\\/kontakt\\\/#breadcrumb\"},\"inLanguage\":\"de\",\"potentialAction\":[{\"@type\":\"ReadAction\",\"target\":[\"https:\\\/\\\/www.oskar-stubai.at\\\/de\\\/kontakt\\\/\"]}]},{\"@type\":\"BreadcrumbList\",\"@id\":\"https:\\\/\\\/www.oskar-stubai.at\\\/de\\\/kontakt\\\/#breadcrumb\",\"itemListElement\":[{\"@type\":\"ListItem\",\"position\":1,\"name\":\"Startseite\",\"item\":\"https:\\\/\\\/www.oskar-stubai.at\\\/de\\\/\"},{\"@type\":\"ListItem\",\"position\":2,\"name\":\"Kontakt\"}]},{\"@type\":\"WebSite\",\"@id\":\"https:\\\/\\\/www.oskar-stubai.at\\\/de\\\/#website\",\"url\":\"https:\\\/\\\/www.oskar-stubai.at\\\/de\\\/\",\"name\":\"Oskar Apartments\",\"description\":\"heja! [servus, grias di]\",\"publisher\":{\"@id\":\"https:\\\/\\\/www.oskar-stubai.at\\\/de\\\/#organization\"},\"potentialAction\":[{\"@type\":\"SearchAction\",\"target\":{\"@type\":\"EntryPoint\",\"urlTemplate\":\"https:\\\/\\\/www.oskar-stubai.at\\\/de\\\/?s={search_term_string}\"},\"query-input\":{\"@type\":\"PropertyValueSpecification\",\"valueRequired\":true,\"valueName\":\"search_term_string\"}}],\"inLanguage\":\"de\"},{\"@type\":\"Organization\",\"@id\":\"https:\\\/\\\/www.oskar-stubai.at\\\/de\\\/#organization\",\"name\":\"Oskar Apartments\",\"url\":\"https:\\\/\\\/www.oskar-stubai.at\\\/de\\\/\",\"logo\":{\"@type\":\"ImageObject\",\"inLanguage\":\"de\",\"@id\":\"https:\\\/\\\/www.oskar-stubai.at\\\/de\\\/#\\\/schema\\\/logo\\\/image\\\/\",\"url\":\"https:\\\/\\\/www.oskar-stubai.at\\\/wp-content\\\/uploads\\\/2019\\\/11\\\/oskar-apartments-logo.png\",\"contentUrl\":\"https:\\\/\\\/www.oskar-stubai.at\\\/wp-content\\\/uploads\\\/2019\\\/11\\\/oskar-apartments-logo.png\",\"width\":1070,\"height\":554,\"caption\":\"Oskar Apartments\"},\"image\":{\"@id\":\"https:\\\/\\\/www.oskar-stubai.at\\\/de\\\/#\\\/schema\\\/logo\\\/image\\\/\"},\"sameAs\":[\"https:\\\/\\\/www.facebook.com\\\/oskarstubai\\\/\",\"https:\\\/\\\/www.instagram.com\\\/oskarstubai\\\/?hl=de\"]}]}<\/script>\n<!-- \/ Yoast SEO plugin. -->","yoast_head_json":{"title":"Kontaktieren Sie uns &#8211; Oskar Apartments neu im Stubaital","description":"Was d\u00fcrfen wir f\u00fcr euch tun? M\u00f6chtet ihr Urlaub bei uns machen oder mehr \u00fcber uns erfahren? Super! Kontaktiert uns ganz einfach per Telefon oder E-Mail.","robots":{"index":"index","follow":"follow","max-snippet":"max-snippet:-1","max-image-preview":"max-image-preview:large","max-video-preview":"max-video-preview:-1"},"canonical":"https:\/\/www.oskar-stubai.at\/de\/kontakt\/","og_locale":"de_DE","og_type":"article","og_title":"Kontaktieren Sie uns &#8211; Oskar Apartments neu im Stubaital","og_description":"Was d\u00fcrfen wir f\u00fcr euch tun? M\u00f6chtet ihr Urlaub bei uns machen oder mehr \u00fcber uns erfahren? Super! Kontaktiert uns ganz einfach per Telefon oder E-Mail.","og_url":"https:\/\/www.oskar-stubai.at\/de\/kontakt\/","og_site_name":"Oskar Apartments","article_publisher":"https:\/\/www.facebook.com\/oskarstubai\/","article_modified_time":"2020-06-04T11:21:29+00:00","twitter_card":"summary_large_image","schema":{"@context":"https:\/\/schema.org","@graph":[{"@type":"WebPage","@id":"https:\/\/www.oskar-stubai.at\/de\/kontakt\/","url":"https:\/\/www.oskar-stubai.at\/de\/kontakt\/","name":"Kontaktieren Sie uns &#8211; Oskar Apartments neu im Stubaital","isPartOf":{"@id":"https:\/\/www.oskar-stubai.at\/de\/#website"},"datePublished":"2019-08-25T07:55:48+00:00","dateModified":"2020-06-04T11:21:29+00:00","description":"Was d\u00fcrfen wir f\u00fcr euch tun? M\u00f6chtet ihr Urlaub bei uns machen oder mehr \u00fcber uns erfahren? Super! Kontaktiert uns ganz einfach per Telefon oder E-Mail.","breadcrumb":{"@id":"https:\/\/www.oskar-stubai.at\/de\/kontakt\/#breadcrumb"},"inLanguage":"de","potentialAction":[{"@type":"ReadAction","target":["https:\/\/www.oskar-stubai.at\/de\/kontakt\/"]}]},{"@type":"BreadcrumbList","@id":"https:\/\/www.oskar-stubai.at\/de\/kontakt\/#breadcrumb","itemListElement":[{"@type":"ListItem","position":1,"name":"Startseite","item":"https:\/\/www.oskar-stubai.at\/de\/"},{"@type":"ListItem","position":2,"name":"Kontakt"}]},{"@type":"WebSite","@id":"https:\/\/www.oskar-stubai.at\/de\/#website","url":"https:\/\/www.oskar-stubai.at\/de\/","name":"Oskar Apartments","description":"heja! [servus, grias di]","publisher":{"@id":"https:\/\/www.oskar-stubai.at\/de\/#organization"},"potentialAction":[{"@type":"SearchAction","target":{"@type":"EntryPoint","urlTemplate":"https:\/\/www.oskar-stubai.at\/de\/?s={search_term_string}"},"query-input":{"@type":"PropertyValueSpecification","valueRequired":true,"valueName":"search_term_string"}}],"inLanguage":"de"},{"@type":"Organization","@id":"https:\/\/www.oskar-stubai.at\/de\/#organization","name":"Oskar Apartments","url":"https:\/\/www.oskar-stubai.at\/de\/","logo":{"@type":"ImageObject","inLanguage":"de","@id":"https:\/\/www.oskar-stubai.at\/de\/#\/schema\/logo\/image\/","url":"https:\/\/www.oskar-stubai.at\/wp-content\/uploads\/2019\/11\/oskar-apartments-logo.png","contentUrl":"https:\/\/www.oskar-stubai.at\/wp-content\/uploads\/2019\/11\/oskar-apartments-logo.png","width":1070,"height":554,"caption":"Oskar Apartments"},"image":{"@id":"https:\/\/www.oskar-stubai.at\/de\/#\/schema\/logo\/image\/"},"sameAs":["https:\/\/www.facebook.com\/oskarstubai\/","https:\/\/www.instagram.com\/oskarstubai\/?hl=de"]}]}},"_links":{"self":[{"href":"https:\/\/www.oskar-stubai.at\/de\/wp-json\/wp\/v2\/pages\/489","targetHints":{"allow":["GET"]}}],"collection":[{"href":"https:\/\/www.oskar-stubai.at\/de\/wp-json\/wp\/v2\/pages"}],"about":[{"href":"https:\/\/www.oskar-stubai.at\/de\/wp-json\/wp\/v2\/types\/page"}],"author":[{"embeddable":true,"href":"https:\/\/www.oskar-stubai.at\/de\/wp-json\/wp\/v2\/users\/1"}],"replies":[{"embeddable":true,"href":"https:\/\/www.oskar-stubai.at\/de\/wp-json\/wp\/v2\/comments?post=489"}],"version-history":[{"count":9,"href":"https:\/\/www.oskar-stubai.at\/de\/wp-json\/wp\/v2\/pages\/489\/revisions"}],"predecessor-version":[{"id":2078,"href":"https:\/\/www.oskar-stubai.at\/de\/wp-json\/wp\/v2\/pages\/489\/revisions\/2078"}],"wp:attachment":[{"href":"https:\/\/www.oskar-stubai.at\/de\/wp-json\/wp\/v2\/media?parent=489"}],"curies":[{"name":"wp","href":"https:\/\/api.w.org\/{rel}","templated":true}]}}