{"id":684,"date":"2019-08-25T13:20:17","date_gmt":"2019-08-25T13:20:17","guid":{"rendered":"https:\/\/austria:8890\/?page_id=684"},"modified":"2021-05-27T07:28:23","modified_gmt":"2021-05-27T07:28:23","slug":"anfrage","status":"publish","type":"page","link":"https:\/\/www.oskar-stubai.at\/de\/anfrage\/","title":{"rendered":"Anfrage"},"content":{"rendered":"        <section id=\"image-links-block_5da722b716fc4\" class=\"block image-links  flex-row-reverse \">\n        <div class=\"\">\n            <div class=\"container\">\n                <div class=\"row justify-content-lg-center \">\n\n                    <div class=\"col-lg-4 scrollimation fade-up\">\n                        <h2>Euer Urlaub bei <br \/>\nAnnie und Alban.<br \/><\/h2>                    <\/div>\n                    <div class=\"col-lg-4 scrollimation fade-up item-2\">\n                                                    <h3 class=\"text-secondary mb-3 mt-2 fake-brackets\">unser individuelles angebot f\u00fcr euch<\/h3>\n                                                                            <p>D\u00fcrfen wir euch ein Urlaubspaket zusammenstellen, das genau zu euch passt? Wunderbar! F\u00fcllt einfach die Felder unten aus und wir melden uns ganz bald bei euch. Habt ihr Fragen? Bitte z\u00f6gert nicht, uns zu kontaktieren. Per Telefon, Mail oder Brieftaube. Ganz wie ihr m\u00f6gt.<span class=\"Apple-converted-space\">\u00a0<\/span><\/p>\n                                            <\/div>\n                <\/div>\n\n                            <\/div>\n        <\/div>\n    <\/section>\n\n\n\n<div class=\"container\">\n    <div class=\"row justify-content-center\">\n        <div class=\"col-md-8\"><div id=\"ebEnquiry\"><\/div>\n<script type=\"text\/javascript\" src=\"\/\/www.easy-booking.at\/ebPlugins\/enquiry\/jquery.easybooking.enquiry.v2.js\"><\/script>\n<script type=\"text\/javascript\">\nfunction ebEnquiryLoadedCheck() {\n    if(typeof jQuery != \"undefined\") {\n        if(jQuery.fn.ebEnquiry) {\n            jQuery(\"#ebEnquiry\").ebEnquiry({\n                customerId: 8448,\n                serialNo: \"3716-2916-3432\",\n                localeId: 2,\n                fontcolor: \"#514C4B\",\n                buttoncolor:\"#514C4B\",\n                buttonfontcolor: \"#fff\",\n                source: \"Website\",\n                comment: \"\",\n                conversionEnquiry: \"AW-994662689\/0cHrCNHji8IBEKGypdoD\"\n\n            });\n        } else {setTimeout(ebEnquiryLoadedCheck,200);}\n    } else {setTimeout(ebEnquiryLoadedCheck,200);}\n}\nebEnquiryLoadedCheck();\n<\/script>\n<\/div><\/div><\/div>\n","protected":false},"excerpt":{"rendered":"<p> [&#8230;]<\/p>\n<p><a class=\"btn btn-secondary understrap-read-more-link\" href=\"https:\/\/www.oskar-stubai.at\/de\/anfrage\/\">Weiterlesen\u00a0\u2026<\/a><\/p>\n","protected":false},"author":1,"featured_media":0,"parent":0,"menu_order":0,"comment_status":"closed","ping_status":"closed","template":"","meta":{"_acf_changed":false,"inline_featured_image":false,"footnotes":""},"class_list":["post-684","page","type-page","status-publish","hentry"],"acf":[],"yoast_head":"<!-- This site is optimized with the Yoast SEO plugin v27.4 - https:\/\/yoast.com\/product\/yoast-seo-wordpress\/ -->\n<title>Rein in das Urlaubsgl\u00fcck &#8211; Oskar Apartments Stubaital<\/title>\n<meta name=\"description\" content=\"D\u00fcrfen wir euch ein Urlaubspaket zusammenstellen, das genau zu euch passt? Wunderbar! Apartment Annie und Alban warten auf euch.\" \/>\n<meta name=\"robots\" content=\"index, follow, max-snippet:-1, max-image-preview:large, max-video-preview:-1\" \/>\n<link rel=\"canonical\" href=\"https:\/\/www.oskar-stubai.at\/de\/anfrage\/\" \/>\n<meta property=\"og:locale\" content=\"de_DE\" \/>\n<meta property=\"og:type\" content=\"article\" \/>\n<meta property=\"og:title\" content=\"Rein in das Urlaubsgl\u00fcck &#8211; Oskar Apartments Stubaital\" \/>\n<meta property=\"og:description\" content=\"D\u00fcrfen wir euch ein Urlaubspaket zusammenstellen, das genau zu euch passt? Wunderbar! Apartment Annie und Alban warten auf euch.\" \/>\n<meta property=\"og:url\" content=\"https:\/\/www.oskar-stubai.at\/de\/anfrage\/\" \/>\n<meta property=\"og:site_name\" content=\"Oskar Apartments\" \/>\n<meta property=\"article:publisher\" content=\"https:\/\/www.facebook.com\/oskarstubai\/\" \/>\n<meta property=\"article:modified_time\" content=\"2021-05-27T07:28:23+00:00\" \/>\n<meta name=\"twitter:card\" content=\"summary_large_image\" \/>\n<meta name=\"twitter:label1\" content=\"Gesch\u00e4tzte Lesezeit\" \/>\n\t<meta name=\"twitter:data1\" content=\"1\u00a0Minute\" \/>\n<script type=\"application\/ld+json\" class=\"yoast-schema-graph\">{\"@context\":\"https:\\\/\\\/schema.org\",\"@graph\":[{\"@type\":\"WebPage\",\"@id\":\"https:\\\/\\\/www.oskar-stubai.at\\\/de\\\/anfrage\\\/\",\"url\":\"https:\\\/\\\/www.oskar-stubai.at\\\/de\\\/anfrage\\\/\",\"name\":\"Rein in das Urlaubsgl\u00fcck &#8211; Oskar Apartments Stubaital\",\"isPartOf\":{\"@id\":\"https:\\\/\\\/www.oskar-stubai.at\\\/de\\\/#website\"},\"datePublished\":\"2019-08-25T13:20:17+00:00\",\"dateModified\":\"2021-05-27T07:28:23+00:00\",\"description\":\"D\u00fcrfen wir euch ein Urlaubspaket zusammenstellen, das genau zu euch passt? Wunderbar! Apartment Annie und Alban warten auf euch.\",\"breadcrumb\":{\"@id\":\"https:\\\/\\\/www.oskar-stubai.at\\\/de\\\/anfrage\\\/#breadcrumb\"},\"inLanguage\":\"de\",\"potentialAction\":[{\"@type\":\"ReadAction\",\"target\":[\"https:\\\/\\\/www.oskar-stubai.at\\\/de\\\/anfrage\\\/\"]}]},{\"@type\":\"BreadcrumbList\",\"@id\":\"https:\\\/\\\/www.oskar-stubai.at\\\/de\\\/anfrage\\\/#breadcrumb\",\"itemListElement\":[{\"@type\":\"ListItem\",\"position\":1,\"name\":\"Startseite\",\"item\":\"https:\\\/\\\/www.oskar-stubai.at\\\/de\\\/\"},{\"@type\":\"ListItem\",\"position\":2,\"name\":\"Anfrage\"}]},{\"@type\":\"WebSite\",\"@id\":\"https:\\\/\\\/www.oskar-stubai.at\\\/de\\\/#website\",\"url\":\"https:\\\/\\\/www.oskar-stubai.at\\\/de\\\/\",\"name\":\"Oskar Apartments\",\"description\":\"heja! [servus, grias di]\",\"publisher\":{\"@id\":\"https:\\\/\\\/www.oskar-stubai.at\\\/de\\\/#organization\"},\"potentialAction\":[{\"@type\":\"SearchAction\",\"target\":{\"@type\":\"EntryPoint\",\"urlTemplate\":\"https:\\\/\\\/www.oskar-stubai.at\\\/de\\\/?s={search_term_string}\"},\"query-input\":{\"@type\":\"PropertyValueSpecification\",\"valueRequired\":true,\"valueName\":\"search_term_string\"}}],\"inLanguage\":\"de\"},{\"@type\":\"Organization\",\"@id\":\"https:\\\/\\\/www.oskar-stubai.at\\\/de\\\/#organization\",\"name\":\"Oskar Apartments\",\"url\":\"https:\\\/\\\/www.oskar-stubai.at\\\/de\\\/\",\"logo\":{\"@type\":\"ImageObject\",\"inLanguage\":\"de\",\"@id\":\"https:\\\/\\\/www.oskar-stubai.at\\\/de\\\/#\\\/schema\\\/logo\\\/image\\\/\",\"url\":\"https:\\\/\\\/www.oskar-stubai.at\\\/wp-content\\\/uploads\\\/2019\\\/11\\\/oskar-apartments-logo.png\",\"contentUrl\":\"https:\\\/\\\/www.oskar-stubai.at\\\/wp-content\\\/uploads\\\/2019\\\/11\\\/oskar-apartments-logo.png\",\"width\":1070,\"height\":554,\"caption\":\"Oskar Apartments\"},\"image\":{\"@id\":\"https:\\\/\\\/www.oskar-stubai.at\\\/de\\\/#\\\/schema\\\/logo\\\/image\\\/\"},\"sameAs\":[\"https:\\\/\\\/www.facebook.com\\\/oskarstubai\\\/\",\"https:\\\/\\\/www.instagram.com\\\/oskarstubai\\\/?hl=de\"]}]}<\/script>\n<!-- \/ Yoast SEO plugin. -->","yoast_head_json":{"title":"Rein in das Urlaubsgl\u00fcck &#8211; Oskar Apartments Stubaital","description":"D\u00fcrfen wir euch ein Urlaubspaket zusammenstellen, das genau zu euch passt? Wunderbar! Apartment Annie und Alban warten auf euch.","robots":{"index":"index","follow":"follow","max-snippet":"max-snippet:-1","max-image-preview":"max-image-preview:large","max-video-preview":"max-video-preview:-1"},"canonical":"https:\/\/www.oskar-stubai.at\/de\/anfrage\/","og_locale":"de_DE","og_type":"article","og_title":"Rein in das Urlaubsgl\u00fcck &#8211; Oskar Apartments Stubaital","og_description":"D\u00fcrfen wir euch ein Urlaubspaket zusammenstellen, das genau zu euch passt? Wunderbar! Apartment Annie und Alban warten auf euch.","og_url":"https:\/\/www.oskar-stubai.at\/de\/anfrage\/","og_site_name":"Oskar Apartments","article_publisher":"https:\/\/www.facebook.com\/oskarstubai\/","article_modified_time":"2021-05-27T07:28:23+00:00","twitter_card":"summary_large_image","twitter_misc":{"Gesch\u00e4tzte Lesezeit":"1\u00a0Minute"},"schema":{"@context":"https:\/\/schema.org","@graph":[{"@type":"WebPage","@id":"https:\/\/www.oskar-stubai.at\/de\/anfrage\/","url":"https:\/\/www.oskar-stubai.at\/de\/anfrage\/","name":"Rein in das Urlaubsgl\u00fcck &#8211; Oskar Apartments Stubaital","isPartOf":{"@id":"https:\/\/www.oskar-stubai.at\/de\/#website"},"datePublished":"2019-08-25T13:20:17+00:00","dateModified":"2021-05-27T07:28:23+00:00","description":"D\u00fcrfen wir euch ein Urlaubspaket zusammenstellen, das genau zu euch passt? Wunderbar! Apartment Annie und Alban warten auf euch.","breadcrumb":{"@id":"https:\/\/www.oskar-stubai.at\/de\/anfrage\/#breadcrumb"},"inLanguage":"de","potentialAction":[{"@type":"ReadAction","target":["https:\/\/www.oskar-stubai.at\/de\/anfrage\/"]}]},{"@type":"BreadcrumbList","@id":"https:\/\/www.oskar-stubai.at\/de\/anfrage\/#breadcrumb","itemListElement":[{"@type":"ListItem","position":1,"name":"Startseite","item":"https:\/\/www.oskar-stubai.at\/de\/"},{"@type":"ListItem","position":2,"name":"Anfrage"}]},{"@type":"WebSite","@id":"https:\/\/www.oskar-stubai.at\/de\/#website","url":"https:\/\/www.oskar-stubai.at\/de\/","name":"Oskar Apartments","description":"heja! [servus, grias di]","publisher":{"@id":"https:\/\/www.oskar-stubai.at\/de\/#organization"},"potentialAction":[{"@type":"SearchAction","target":{"@type":"EntryPoint","urlTemplate":"https:\/\/www.oskar-stubai.at\/de\/?s={search_term_string}"},"query-input":{"@type":"PropertyValueSpecification","valueRequired":true,"valueName":"search_term_string"}}],"inLanguage":"de"},{"@type":"Organization","@id":"https:\/\/www.oskar-stubai.at\/de\/#organization","name":"Oskar Apartments","url":"https:\/\/www.oskar-stubai.at\/de\/","logo":{"@type":"ImageObject","inLanguage":"de","@id":"https:\/\/www.oskar-stubai.at\/de\/#\/schema\/logo\/image\/","url":"https:\/\/www.oskar-stubai.at\/wp-content\/uploads\/2019\/11\/oskar-apartments-logo.png","contentUrl":"https:\/\/www.oskar-stubai.at\/wp-content\/uploads\/2019\/11\/oskar-apartments-logo.png","width":1070,"height":554,"caption":"Oskar Apartments"},"image":{"@id":"https:\/\/www.oskar-stubai.at\/de\/#\/schema\/logo\/image\/"},"sameAs":["https:\/\/www.facebook.com\/oskarstubai\/","https:\/\/www.instagram.com\/oskarstubai\/?hl=de"]}]}},"_links":{"self":[{"href":"https:\/\/www.oskar-stubai.at\/de\/wp-json\/wp\/v2\/pages\/684","targetHints":{"allow":["GET"]}}],"collection":[{"href":"https:\/\/www.oskar-stubai.at\/de\/wp-json\/wp\/v2\/pages"}],"about":[{"href":"https:\/\/www.oskar-stubai.at\/de\/wp-json\/wp\/v2\/types\/page"}],"author":[{"embeddable":true,"href":"https:\/\/www.oskar-stubai.at\/de\/wp-json\/wp\/v2\/users\/1"}],"replies":[{"embeddable":true,"href":"https:\/\/www.oskar-stubai.at\/de\/wp-json\/wp\/v2\/comments?post=684"}],"version-history":[{"count":31,"href":"https:\/\/www.oskar-stubai.at\/de\/wp-json\/wp\/v2\/pages\/684\/revisions"}],"predecessor-version":[{"id":2397,"href":"https:\/\/www.oskar-stubai.at\/de\/wp-json\/wp\/v2\/pages\/684\/revisions\/2397"}],"wp:attachment":[{"href":"https:\/\/www.oskar-stubai.at\/de\/wp-json\/wp\/v2\/media?parent=684"}],"curies":[{"name":"wp","href":"https:\/\/api.w.org\/{rel}","templated":true}]}}