{"id":948,"date":"2019-10-17T09:18:17","date_gmt":"2019-10-17T09:18:17","guid":{"rendered":"https:\/\/annie:8890\/?page_id=948"},"modified":"2020-06-04T10:14:28","modified_gmt":"2020-06-04T10:14:28","slug":"impressum","status":"publish","type":"page","link":"https:\/\/www.oskar-stubai.at\/de\/impressum\/","title":{"rendered":"Impressum"},"content":{"rendered":"        <section id=\"image-links-block_5dc00e70bdf7b\" class=\"block image-links  flex-row-reverse \">\n        <div class=\"\">\n            <div class=\"container\">\n                <div class=\"row justify-content-lg-center \">\n\n                    <div class=\"col-lg-4 scrollimation fade-up\">\n                        <h2>Impressum<\/h2>                    <\/div>\n                    <div class=\"col-lg-4 scrollimation fade-up item-2\">\n                                                                            <p>Oskar Apartments<br \/>\nScheibe 25<br \/>\n6267 Neustift<\/p>\n<p>+43 (0) 699 11007223<br \/>\ninfo@oskar-stubai.at<br \/>\nwww.oskar-stubai.at<\/p>\n<p>Umsatzsteuer-Identifikationsnummer:\u00a0ATU74896669<\/p>\n<p>Bankverbindung<br \/>\nTiroler Sparkasse<br \/>\nIBAN: AT08 2050 3033 0235 5494<br \/>\nBIC SPIHAT22XXX<\/p>\n<p><strong>Design &amp; Konzept\u00a0<\/strong><br \/>\nB\u00dcRO RENE, <a href=\"https:\/\/www.reneraggl.at\">www.reneraggl.at<\/a><br \/>\nUmsetzung &amp; Programmierung: Kapelari, Beratung &amp; Werbung, <a href=\"https:\/\/kapelari.com\">www.kapelari.com<\/a><\/p>\n<p><strong>Haftungshinweis<\/strong><br \/>\nTrotz sorgf\u00e4ltiger inhaltlicher Kontrolle \u00fcbernehmen wir keine Haftung f\u00fcr die Inhalte externer Links. F\u00fcr den Inhalt der verlinkten Seiten sind ausschlie\u00dflich deren Betreiber verantwortlich.<\/p>\n<p><strong>Hinweis zur Online-Verbraucherschlichtungsstelle\u00a0<\/strong><br \/>\nPlattform zur Online-Streitbeilegung der Europ\u00e4ischen Kommission: http:\/\/ec.europa.eu\/consumers\/odr\/<\/p>\n<p><strong>Bilder<\/strong><br \/>\nwww.andreschoenherr.com<br \/>\nwww.shutterstock.com<br \/>\nTVB Stubaital<br \/>\nwww.reneraggl.at<\/p>\n                                            <\/div>\n                <\/div>\n\n                            <\/div>\n        <\/div>\n    <\/section>\n","protected":false},"excerpt":{"rendered":"<p> [&#8230;]<\/p>\n<p><a class=\"btn btn-secondary understrap-read-more-link\" href=\"https:\/\/www.oskar-stubai.at\/de\/impressum\/\">Weiterlesen\u00a0\u2026<\/a><\/p>\n","protected":false},"author":1,"featured_media":0,"parent":0,"menu_order":0,"comment_status":"closed","ping_status":"closed","template":"","meta":{"_acf_changed":false,"inline_featured_image":false,"footnotes":""},"class_list":["post-948","page","type-page","status-publish","hentry"],"acf":[],"yoast_head":"<!-- This site is optimized with the Yoast SEO plugin v27.4 - https:\/\/yoast.com\/product\/yoast-seo-wordpress\/ -->\n<title>Impressum &#8211; Oskar Apartments<\/title>\n<meta name=\"description\" content=\"Oskar Apartments Scheibe 25, 6267 Neustift \ud83d\udcde +43 (0) 699 11007223 \u2709 info@oskar-stubai.at @ www.oskar-stubai.at\" \/>\n<meta name=\"robots\" content=\"index, follow, max-snippet:-1, max-image-preview:large, max-video-preview:-1\" \/>\n<link rel=\"canonical\" href=\"https:\/\/www.oskar-stubai.at\/de\/impressum\/\" \/>\n<meta property=\"og:locale\" content=\"de_DE\" \/>\n<meta property=\"og:type\" content=\"article\" \/>\n<meta property=\"og:title\" content=\"Impressum &#8211; Oskar Apartments\" \/>\n<meta property=\"og:description\" content=\"Oskar Apartments Scheibe 25, 6267 Neustift \ud83d\udcde +43 (0) 699 11007223 \u2709 info@oskar-stubai.at @ www.oskar-stubai.at\" \/>\n<meta property=\"og:url\" content=\"https:\/\/www.oskar-stubai.at\/de\/impressum\/\" \/>\n<meta property=\"og:site_name\" content=\"Oskar Apartments\" \/>\n<meta property=\"article:publisher\" content=\"https:\/\/www.facebook.com\/oskarstubai\/\" \/>\n<meta property=\"article:modified_time\" content=\"2020-06-04T10:14:28+00:00\" \/>\n<meta name=\"twitter:card\" content=\"summary_large_image\" \/>\n<script type=\"application\/ld+json\" class=\"yoast-schema-graph\">{\"@context\":\"https:\\\/\\\/schema.org\",\"@graph\":[{\"@type\":\"WebPage\",\"@id\":\"https:\\\/\\\/www.oskar-stubai.at\\\/de\\\/impressum\\\/\",\"url\":\"https:\\\/\\\/www.oskar-stubai.at\\\/de\\\/impressum\\\/\",\"name\":\"Impressum &#8211; Oskar Apartments\",\"isPartOf\":{\"@id\":\"https:\\\/\\\/www.oskar-stubai.at\\\/de\\\/#website\"},\"datePublished\":\"2019-10-17T09:18:17+00:00\",\"dateModified\":\"2020-06-04T10:14:28+00:00\",\"description\":\"Oskar Apartments Scheibe 25, 6267 Neustift \ud83d\udcde +43 (0) 699 11007223 \u2709 info@oskar-stubai.at @ www.oskar-stubai.at\",\"breadcrumb\":{\"@id\":\"https:\\\/\\\/www.oskar-stubai.at\\\/de\\\/impressum\\\/#breadcrumb\"},\"inLanguage\":\"de\",\"potentialAction\":[{\"@type\":\"ReadAction\",\"target\":[\"https:\\\/\\\/www.oskar-stubai.at\\\/de\\\/impressum\\\/\"]}]},{\"@type\":\"BreadcrumbList\",\"@id\":\"https:\\\/\\\/www.oskar-stubai.at\\\/de\\\/impressum\\\/#breadcrumb\",\"itemListElement\":[{\"@type\":\"ListItem\",\"position\":1,\"name\":\"Startseite\",\"item\":\"https:\\\/\\\/www.oskar-stubai.at\\\/de\\\/\"},{\"@type\":\"ListItem\",\"position\":2,\"name\":\"Impressum\"}]},{\"@type\":\"WebSite\",\"@id\":\"https:\\\/\\\/www.oskar-stubai.at\\\/de\\\/#website\",\"url\":\"https:\\\/\\\/www.oskar-stubai.at\\\/de\\\/\",\"name\":\"Oskar Apartments\",\"description\":\"heja! [servus, grias di]\",\"publisher\":{\"@id\":\"https:\\\/\\\/www.oskar-stubai.at\\\/de\\\/#organization\"},\"potentialAction\":[{\"@type\":\"SearchAction\",\"target\":{\"@type\":\"EntryPoint\",\"urlTemplate\":\"https:\\\/\\\/www.oskar-stubai.at\\\/de\\\/?s={search_term_string}\"},\"query-input\":{\"@type\":\"PropertyValueSpecification\",\"valueRequired\":true,\"valueName\":\"search_term_string\"}}],\"inLanguage\":\"de\"},{\"@type\":\"Organization\",\"@id\":\"https:\\\/\\\/www.oskar-stubai.at\\\/de\\\/#organization\",\"name\":\"Oskar Apartments\",\"url\":\"https:\\\/\\\/www.oskar-stubai.at\\\/de\\\/\",\"logo\":{\"@type\":\"ImageObject\",\"inLanguage\":\"de\",\"@id\":\"https:\\\/\\\/www.oskar-stubai.at\\\/de\\\/#\\\/schema\\\/logo\\\/image\\\/\",\"url\":\"https:\\\/\\\/www.oskar-stubai.at\\\/wp-content\\\/uploads\\\/2019\\\/11\\\/oskar-apartments-logo.png\",\"contentUrl\":\"https:\\\/\\\/www.oskar-stubai.at\\\/wp-content\\\/uploads\\\/2019\\\/11\\\/oskar-apartments-logo.png\",\"width\":1070,\"height\":554,\"caption\":\"Oskar Apartments\"},\"image\":{\"@id\":\"https:\\\/\\\/www.oskar-stubai.at\\\/de\\\/#\\\/schema\\\/logo\\\/image\\\/\"},\"sameAs\":[\"https:\\\/\\\/www.facebook.com\\\/oskarstubai\\\/\",\"https:\\\/\\\/www.instagram.com\\\/oskarstubai\\\/?hl=de\"]}]}<\/script>\n<!-- \/ Yoast SEO plugin. -->","yoast_head_json":{"title":"Impressum &#8211; Oskar Apartments","description":"Oskar Apartments Scheibe 25, 6267 Neustift \ud83d\udcde +43 (0) 699 11007223 \u2709 info@oskar-stubai.at @ www.oskar-stubai.at","robots":{"index":"index","follow":"follow","max-snippet":"max-snippet:-1","max-image-preview":"max-image-preview:large","max-video-preview":"max-video-preview:-1"},"canonical":"https:\/\/www.oskar-stubai.at\/de\/impressum\/","og_locale":"de_DE","og_type":"article","og_title":"Impressum &#8211; Oskar Apartments","og_description":"Oskar Apartments Scheibe 25, 6267 Neustift \ud83d\udcde +43 (0) 699 11007223 \u2709 info@oskar-stubai.at @ www.oskar-stubai.at","og_url":"https:\/\/www.oskar-stubai.at\/de\/impressum\/","og_site_name":"Oskar Apartments","article_publisher":"https:\/\/www.facebook.com\/oskarstubai\/","article_modified_time":"2020-06-04T10:14:28+00:00","twitter_card":"summary_large_image","schema":{"@context":"https:\/\/schema.org","@graph":[{"@type":"WebPage","@id":"https:\/\/www.oskar-stubai.at\/de\/impressum\/","url":"https:\/\/www.oskar-stubai.at\/de\/impressum\/","name":"Impressum &#8211; Oskar Apartments","isPartOf":{"@id":"https:\/\/www.oskar-stubai.at\/de\/#website"},"datePublished":"2019-10-17T09:18:17+00:00","dateModified":"2020-06-04T10:14:28+00:00","description":"Oskar Apartments Scheibe 25, 6267 Neustift \ud83d\udcde +43 (0) 699 11007223 \u2709 info@oskar-stubai.at @ www.oskar-stubai.at","breadcrumb":{"@id":"https:\/\/www.oskar-stubai.at\/de\/impressum\/#breadcrumb"},"inLanguage":"de","potentialAction":[{"@type":"ReadAction","target":["https:\/\/www.oskar-stubai.at\/de\/impressum\/"]}]},{"@type":"BreadcrumbList","@id":"https:\/\/www.oskar-stubai.at\/de\/impressum\/#breadcrumb","itemListElement":[{"@type":"ListItem","position":1,"name":"Startseite","item":"https:\/\/www.oskar-stubai.at\/de\/"},{"@type":"ListItem","position":2,"name":"Impressum"}]},{"@type":"WebSite","@id":"https:\/\/www.oskar-stubai.at\/de\/#website","url":"https:\/\/www.oskar-stubai.at\/de\/","name":"Oskar Apartments","description":"heja! [servus, grias di]","publisher":{"@id":"https:\/\/www.oskar-stubai.at\/de\/#organization"},"potentialAction":[{"@type":"SearchAction","target":{"@type":"EntryPoint","urlTemplate":"https:\/\/www.oskar-stubai.at\/de\/?s={search_term_string}"},"query-input":{"@type":"PropertyValueSpecification","valueRequired":true,"valueName":"search_term_string"}}],"inLanguage":"de"},{"@type":"Organization","@id":"https:\/\/www.oskar-stubai.at\/de\/#organization","name":"Oskar Apartments","url":"https:\/\/www.oskar-stubai.at\/de\/","logo":{"@type":"ImageObject","inLanguage":"de","@id":"https:\/\/www.oskar-stubai.at\/de\/#\/schema\/logo\/image\/","url":"https:\/\/www.oskar-stubai.at\/wp-content\/uploads\/2019\/11\/oskar-apartments-logo.png","contentUrl":"https:\/\/www.oskar-stubai.at\/wp-content\/uploads\/2019\/11\/oskar-apartments-logo.png","width":1070,"height":554,"caption":"Oskar Apartments"},"image":{"@id":"https:\/\/www.oskar-stubai.at\/de\/#\/schema\/logo\/image\/"},"sameAs":["https:\/\/www.facebook.com\/oskarstubai\/","https:\/\/www.instagram.com\/oskarstubai\/?hl=de"]}]}},"_links":{"self":[{"href":"https:\/\/www.oskar-stubai.at\/de\/wp-json\/wp\/v2\/pages\/948","targetHints":{"allow":["GET"]}}],"collection":[{"href":"https:\/\/www.oskar-stubai.at\/de\/wp-json\/wp\/v2\/pages"}],"about":[{"href":"https:\/\/www.oskar-stubai.at\/de\/wp-json\/wp\/v2\/types\/page"}],"author":[{"embeddable":true,"href":"https:\/\/www.oskar-stubai.at\/de\/wp-json\/wp\/v2\/users\/1"}],"replies":[{"embeddable":true,"href":"https:\/\/www.oskar-stubai.at\/de\/wp-json\/wp\/v2\/comments?post=948"}],"version-history":[{"count":22,"href":"https:\/\/www.oskar-stubai.at\/de\/wp-json\/wp\/v2\/pages\/948\/revisions"}],"predecessor-version":[{"id":1801,"href":"https:\/\/www.oskar-stubai.at\/de\/wp-json\/wp\/v2\/pages\/948\/revisions\/1801"}],"wp:attachment":[{"href":"https:\/\/www.oskar-stubai.at\/de\/wp-json\/wp\/v2\/media?parent=948"}],"curies":[{"name":"wp","href":"https:\/\/api.w.org\/{rel}","templated":true}]}}