{"id":1437,"date":"2019-11-04T13:10:58","date_gmt":"2019-11-04T13:10:58","guid":{"rendered":"https:\/\/www.oskar-stubai.at\/?page_id=1437"},"modified":"2019-11-08T08:49:47","modified_gmt":"2019-11-08T08:49:47","slug":"impressum","status":"publish","type":"page","link":"https:\/\/www.oskar-stubai.at\/en\/impressum\/","title":{"rendered":"Imprint"},"content":{"rendered":"        <section id=\"image-links-block_5dc00e70bdf7b\" class=\"block image-links  flex-row-reverse \">\n        <div class=\"\">\n            <div class=\"container\">\n                <div class=\"row justify-content-lg-center \">\n\n                    <div class=\"col-lg-4 scrollimation fade-up\">\n                        <h2>Imprint<\/h2>                    <\/div>\n                    <div class=\"col-lg-4 scrollimation fade-up item-2\">\n                                                                            <p>Oskar Apartments<br \/>\nScheibe 25<br \/>\n6267 Neustift<\/p>\n<p>+43 (0) 699 11007223<br \/>\ninfo@oskar-stubai.at<br \/>\nwww.oskar-stubai.at<\/p>\n<p>Umsatzsteuer-Identifikationsnummer:<br \/>\nLandesgericht Innsbruck<br \/>\nKammerzugeh\u00f6rigkeit: Wirtschaftskammer Tirol Sparte: Hotellerie<\/p>\n<p>Bankverbindung<br \/>\nTiroler Sparkasse<br \/>\nIBAN: AT08 2050 3033 0235 5494<br \/>\nBIC SPIHAT22XXX<\/p>\n<p>Design &amp; Konzept: B\u00dcRO RENE, <a href=\"https:\/\/www.reneraggl.at\">www.reneraggl.at<\/a><br \/>\nUmsetzung &amp; Programmierung: Kapelari, Beratung &amp; Werbung, <a href=\"https:\/\/kapelari.com\">www.kapelari.com<\/a><\/p>\n<p><strong>Haftungshinweis<\/strong><br \/>\nTrotz sorgf\u00e4ltiger inhaltlicher Kontrolle \u00fcbernehmen wir keine Haftung f\u00fcr die Inhalte externer Links. F\u00fcr den Inhalt der verlinkten Seiten sind ausschlie\u00dflich deren Betreiber verantwortlich.<\/p>\n<p><strong>Hinweis zur Online-Verbraucherschlichtungsstelle\u00a0<\/strong><br \/>\nPlattform zur Online-Streitbeilegung der Europ\u00e4ischen Kommission: http:\/\/ec.europa.eu\/consumers\/odr\/<\/p>\n<p><strong>Bilder<\/strong><br \/>\nwww.andreschoenherr.com<br \/>\nwww.shutterstock.com<br \/>\nTVB Stubaital<br \/>\nwww.reneraggl.at<\/p>\n                                            <\/div>\n                <\/div>\n\n                            <\/div>\n        <\/div>\n    <\/section>\n","protected":false},"excerpt":{"rendered":"<p> [&#8230;]<\/p>\n<p><a class=\"btn btn-secondary understrap-read-more-link\" href=\"https:\/\/www.oskar-stubai.at\/en\/impressum\/\">Read More&#8230;<\/a><\/p>\n","protected":false},"author":2,"featured_media":0,"parent":0,"menu_order":0,"comment_status":"closed","ping_status":"closed","template":"","meta":{"_acf_changed":false,"inline_featured_image":false,"footnotes":""},"class_list":["post-1437","page","type-page","status-publish","hentry"],"acf":[],"yoast_head":"<!-- This site is optimized with the Yoast SEO plugin v27.4 - https:\/\/yoast.com\/product\/yoast-seo-wordpress\/ -->\n<title>Imprint &#8211; Oskar Apartments<\/title>\n<meta name=\"robots\" content=\"index, follow, max-snippet:-1, max-image-preview:large, max-video-preview:-1\" \/>\n<link rel=\"canonical\" href=\"https:\/\/www.oskar-stubai.at\/en\/impressum\/\" \/>\n<meta property=\"og:locale\" content=\"en_US\" \/>\n<meta property=\"og:type\" content=\"article\" \/>\n<meta property=\"og:title\" content=\"Imprint &#8211; Oskar Apartments\" \/>\n<meta property=\"og:description\" content=\"[...]Read More...\" \/>\n<meta property=\"og:url\" content=\"https:\/\/www.oskar-stubai.at\/en\/impressum\/\" \/>\n<meta property=\"og:site_name\" content=\"Oskar Apartments\" \/>\n<meta property=\"article:publisher\" content=\"https:\/\/www.facebook.com\/oskarstubai\/\" \/>\n<meta property=\"article:modified_time\" content=\"2019-11-08T08:49:47+00:00\" \/>\n<meta name=\"twitter:card\" content=\"summary_large_image\" \/>\n<script type=\"application\/ld+json\" class=\"yoast-schema-graph\">{\"@context\":\"https:\\\/\\\/schema.org\",\"@graph\":[{\"@type\":\"WebPage\",\"@id\":\"https:\\\/\\\/www.oskar-stubai.at\\\/en\\\/impressum\\\/\",\"url\":\"https:\\\/\\\/www.oskar-stubai.at\\\/en\\\/impressum\\\/\",\"name\":\"Imprint &#8211; Oskar Apartments\",\"isPartOf\":{\"@id\":\"https:\\\/\\\/www.oskar-stubai.at\\\/en\\\/#website\"},\"datePublished\":\"2019-11-04T13:10:58+00:00\",\"dateModified\":\"2019-11-08T08:49:47+00:00\",\"breadcrumb\":{\"@id\":\"https:\\\/\\\/www.oskar-stubai.at\\\/en\\\/impressum\\\/#breadcrumb\"},\"inLanguage\":\"en-US\",\"potentialAction\":[{\"@type\":\"ReadAction\",\"target\":[\"https:\\\/\\\/www.oskar-stubai.at\\\/en\\\/impressum\\\/\"]}]},{\"@type\":\"BreadcrumbList\",\"@id\":\"https:\\\/\\\/www.oskar-stubai.at\\\/en\\\/impressum\\\/#breadcrumb\",\"itemListElement\":[{\"@type\":\"ListItem\",\"position\":1,\"name\":\"Startseite\",\"item\":\"https:\\\/\\\/www.oskar-stubai.at\\\/en\\\/\"},{\"@type\":\"ListItem\",\"position\":2,\"name\":\"Imprint\"}]},{\"@type\":\"WebSite\",\"@id\":\"https:\\\/\\\/www.oskar-stubai.at\\\/en\\\/#website\",\"url\":\"https:\\\/\\\/www.oskar-stubai.at\\\/en\\\/\",\"name\":\"Oskar Apartments\",\"description\":\"heja! [servus, grias di]\",\"publisher\":{\"@id\":\"https:\\\/\\\/www.oskar-stubai.at\\\/en\\\/#organization\"},\"potentialAction\":[{\"@type\":\"SearchAction\",\"target\":{\"@type\":\"EntryPoint\",\"urlTemplate\":\"https:\\\/\\\/www.oskar-stubai.at\\\/en\\\/?s={search_term_string}\"},\"query-input\":{\"@type\":\"PropertyValueSpecification\",\"valueRequired\":true,\"valueName\":\"search_term_string\"}}],\"inLanguage\":\"en-US\"},{\"@type\":\"Organization\",\"@id\":\"https:\\\/\\\/www.oskar-stubai.at\\\/en\\\/#organization\",\"name\":\"Oskar Apartments\",\"url\":\"https:\\\/\\\/www.oskar-stubai.at\\\/en\\\/\",\"logo\":{\"@type\":\"ImageObject\",\"inLanguage\":\"en-US\",\"@id\":\"https:\\\/\\\/www.oskar-stubai.at\\\/en\\\/#\\\/schema\\\/logo\\\/image\\\/\",\"url\":\"https:\\\/\\\/www.oskar-stubai.at\\\/wp-content\\\/uploads\\\/2019\\\/11\\\/oskar-apartments-logo.png\",\"contentUrl\":\"https:\\\/\\\/www.oskar-stubai.at\\\/wp-content\\\/uploads\\\/2019\\\/11\\\/oskar-apartments-logo.png\",\"width\":1070,\"height\":554,\"caption\":\"Oskar Apartments\"},\"image\":{\"@id\":\"https:\\\/\\\/www.oskar-stubai.at\\\/en\\\/#\\\/schema\\\/logo\\\/image\\\/\"},\"sameAs\":[\"https:\\\/\\\/www.facebook.com\\\/oskarstubai\\\/\",\"https:\\\/\\\/www.instagram.com\\\/oskarstubai\\\/?hl=de\"]}]}<\/script>\n<!-- \/ Yoast SEO plugin. -->","yoast_head_json":{"title":"Imprint &#8211; Oskar Apartments","robots":{"index":"index","follow":"follow","max-snippet":"max-snippet:-1","max-image-preview":"max-image-preview:large","max-video-preview":"max-video-preview:-1"},"canonical":"https:\/\/www.oskar-stubai.at\/en\/impressum\/","og_locale":"en_US","og_type":"article","og_title":"Imprint &#8211; Oskar Apartments","og_description":"[...]Read More...","og_url":"https:\/\/www.oskar-stubai.at\/en\/impressum\/","og_site_name":"Oskar Apartments","article_publisher":"https:\/\/www.facebook.com\/oskarstubai\/","article_modified_time":"2019-11-08T08:49:47+00:00","twitter_card":"summary_large_image","schema":{"@context":"https:\/\/schema.org","@graph":[{"@type":"WebPage","@id":"https:\/\/www.oskar-stubai.at\/en\/impressum\/","url":"https:\/\/www.oskar-stubai.at\/en\/impressum\/","name":"Imprint &#8211; Oskar Apartments","isPartOf":{"@id":"https:\/\/www.oskar-stubai.at\/en\/#website"},"datePublished":"2019-11-04T13:10:58+00:00","dateModified":"2019-11-08T08:49:47+00:00","breadcrumb":{"@id":"https:\/\/www.oskar-stubai.at\/en\/impressum\/#breadcrumb"},"inLanguage":"en-US","potentialAction":[{"@type":"ReadAction","target":["https:\/\/www.oskar-stubai.at\/en\/impressum\/"]}]},{"@type":"BreadcrumbList","@id":"https:\/\/www.oskar-stubai.at\/en\/impressum\/#breadcrumb","itemListElement":[{"@type":"ListItem","position":1,"name":"Startseite","item":"https:\/\/www.oskar-stubai.at\/en\/"},{"@type":"ListItem","position":2,"name":"Imprint"}]},{"@type":"WebSite","@id":"https:\/\/www.oskar-stubai.at\/en\/#website","url":"https:\/\/www.oskar-stubai.at\/en\/","name":"Oskar Apartments","description":"heja! [servus, grias di]","publisher":{"@id":"https:\/\/www.oskar-stubai.at\/en\/#organization"},"potentialAction":[{"@type":"SearchAction","target":{"@type":"EntryPoint","urlTemplate":"https:\/\/www.oskar-stubai.at\/en\/?s={search_term_string}"},"query-input":{"@type":"PropertyValueSpecification","valueRequired":true,"valueName":"search_term_string"}}],"inLanguage":"en-US"},{"@type":"Organization","@id":"https:\/\/www.oskar-stubai.at\/en\/#organization","name":"Oskar Apartments","url":"https:\/\/www.oskar-stubai.at\/en\/","logo":{"@type":"ImageObject","inLanguage":"en-US","@id":"https:\/\/www.oskar-stubai.at\/en\/#\/schema\/logo\/image\/","url":"https:\/\/www.oskar-stubai.at\/wp-content\/uploads\/2019\/11\/oskar-apartments-logo.png","contentUrl":"https:\/\/www.oskar-stubai.at\/wp-content\/uploads\/2019\/11\/oskar-apartments-logo.png","width":1070,"height":554,"caption":"Oskar Apartments"},"image":{"@id":"https:\/\/www.oskar-stubai.at\/en\/#\/schema\/logo\/image\/"},"sameAs":["https:\/\/www.facebook.com\/oskarstubai\/","https:\/\/www.instagram.com\/oskarstubai\/?hl=de"]}]}},"_links":{"self":[{"href":"https:\/\/www.oskar-stubai.at\/en\/wp-json\/wp\/v2\/pages\/1437","targetHints":{"allow":["GET"]}}],"collection":[{"href":"https:\/\/www.oskar-stubai.at\/en\/wp-json\/wp\/v2\/pages"}],"about":[{"href":"https:\/\/www.oskar-stubai.at\/en\/wp-json\/wp\/v2\/types\/page"}],"author":[{"embeddable":true,"href":"https:\/\/www.oskar-stubai.at\/en\/wp-json\/wp\/v2\/users\/2"}],"replies":[{"embeddable":true,"href":"https:\/\/www.oskar-stubai.at\/en\/wp-json\/wp\/v2\/comments?post=1437"}],"version-history":[{"count":5,"href":"https:\/\/www.oskar-stubai.at\/en\/wp-json\/wp\/v2\/pages\/1437\/revisions"}],"predecessor-version":[{"id":1582,"href":"https:\/\/www.oskar-stubai.at\/en\/wp-json\/wp\/v2\/pages\/1437\/revisions\/1582"}],"wp:attachment":[{"href":"https:\/\/www.oskar-stubai.at\/en\/wp-json\/wp\/v2\/media?parent=1437"}],"curies":[{"name":"wp","href":"https:\/\/api.w.org\/{rel}","templated":true}]}}